{"id":326,"date":"2019-03-26T19:05:18","date_gmt":"2019-03-26T18:05:18","guid":{"rendered":"https:\/\/girardi-pauly.com\/20192\/?page_id=326"},"modified":"2022-11-16T19:40:38","modified_gmt":"2022-11-16T18:40:38","slug":"impressum","status":"publish","type":"page","link":"https:\/\/henriofen.de\/cms\/impressum\/","title":{"rendered":"Impressum"},"content":{"rendered":"<div id=\"themify_builder_content-326\" data-postid=\"326\" class=\"themify_builder_content themify_builder_content-326 themify_builder\">\n    \t<!-- module_row -->\n\t<div  class=\"themify_builder_row module_row clearfix module_row_0 themify_builder_326_row module_row_326-0 tb_894433f\">\n\t    \t    <div class=\"row_inner col_align_middle\" >\n\t\t\t<div  class=\"module_column tb-column col4-2 first tb_326_column module_column_0 module_column_326-0-0 tb_51224ed\">\n\t    \t    \t        <div class=\"tb-column-inner\">\n\t\t    <!-- module text -->\n<div  class=\"module module-text tb_f18631c  repeat  \">\n            <div  class=\"tb_text_wrap\">\n    <p><img decoding=\"async\" loading=\"lazy\" class=\"alignnone wp-image-314 size-full\" src=\"https:\/\/henriofen.de\/cms\/wp-content\/uploads\/2019\/03\/henri1-3.jpg\" alt=\"\" width=\"1006\" height=\"1800\" srcset=\"https:\/\/henriofen.de\/cms\/wp-content\/uploads\/2019\/03\/henri1-3.jpg 1006w, https:\/\/henriofen.de\/cms\/wp-content\/uploads\/2019\/03\/henri1-3-168x300.jpg 168w, https:\/\/henriofen.de\/cms\/wp-content\/uploads\/2019\/03\/henri1-3-768x1374.jpg 768w, https:\/\/henriofen.de\/cms\/wp-content\/uploads\/2019\/03\/henri1-3-572x1024.jpg 572w, https:\/\/henriofen.de\/cms\/wp-content\/uploads\/2019\/03\/henri1-3-572x1024-223x400.jpg 223w\" sizes=\"(max-width: 1006px) 100vw, 1006px\" \/><\/p>\n    <\/div>\n<\/div>\n<!-- \/module text -->\n\t        <\/div>\n\t    \t<\/div>\n\t\t<div  class=\"module_column tb-column col4-2 last tb_326_column module_column_1 module_column_326-0-1 tb_cb825ee\">\n\t    \t    \t        <div class=\"tb-column-inner\">\n\t\t    <!-- module text -->\n<div  class=\"module module-text tb_5txs380  repeat  \">\n            <div  class=\"tb_text_wrap\">\n    <h3>Angaben gem\u00e4\u00df \u00a7 5 TMG:<\/h3>\n<p>J\u00fcrgen Henrichs<br \/>Henrichs Ofenbau<br \/>Kehlenbachstr. 14<br \/>D-54492 Zeltingen-Rachtig<\/p>\n<h3><br \/>Kontakt<\/h3>\n<p>Telefon: 49 (0)6532 3514<br \/>Telefax: +49 (0)6532-5117<br \/>E-Mail: holzheizer@t-online.de<\/p>\n<h3><br \/>Berufsbezeichnung: Ofen- und Luftheizungsbauer<\/h3>\n<p>Zust\u00e4ndige Handwerkskammer: Trier<br \/>Umsatzsteuer-Identifikationsnummer gem\u00e4\u00df \u00a727 a Umsatzsteuergesetz:<br \/>UST.IdNr.DE 148197705<\/p>\n<h3><br \/>Urheberrecht<\/h3>\n<p>Die durch die Seitenbetreiber erstellten Inhalte und Werke auf diesen Seiten unterliegen dem deutschen Urheberrecht. Die Vervielf\u00e4ltigung, Bearbeitung, Verbreitung und jede Art der Verwertung au\u00dferhalb der Grenzen des Urheberrechtes bed\u00fcrfen der schriftlichen Zustimmung des jeweiligen Autors bzw. Erstellers. Downloads und Kopien dieser Seite sind nur f\u00fcr den privaten, nicht kommerziellen Gebrauch gestattet.<\/p>\n<h3>Streitschlichtung<\/h3>\n<p>Wir sind nicht bereit oder verpflichtet an Streitbeilegungsverfahren vor einer Verbraucherschlichtungsstelle teilzunehmen.<\/p>    <\/div>\n<\/div>\n<!-- \/module text -->\n\t        <\/div>\n\t    \t<\/div>\n\t\t    <\/div>\n\t    <!-- \/row_inner -->\n\t<\/div>\n\t<!-- \/module_row -->\n\t<\/div>\n<!-- \/themify_builder_content -->","protected":false},"excerpt":{"rendered":"","protected":false},"author":1,"featured_media":0,"parent":0,"menu_order":0,"comment_status":"closed","ping_status":"closed","template":"","meta":[],"_links":{"self":[{"href":"https:\/\/henriofen.de\/cms\/wp-json\/wp\/v2\/pages\/326"}],"collection":[{"href":"https:\/\/henriofen.de\/cms\/wp-json\/wp\/v2\/pages"}],"about":[{"href":"https:\/\/henriofen.de\/cms\/wp-json\/wp\/v2\/types\/page"}],"author":[{"embeddable":true,"href":"https:\/\/henriofen.de\/cms\/wp-json\/wp\/v2\/users\/1"}],"replies":[{"embeddable":true,"href":"https:\/\/henriofen.de\/cms\/wp-json\/wp\/v2\/comments?post=326"}],"version-history":[{"count":17,"href":"https:\/\/henriofen.de\/cms\/wp-json\/wp\/v2\/pages\/326\/revisions"}],"predecessor-version":[{"id":1145,"href":"https:\/\/henriofen.de\/cms\/wp-json\/wp\/v2\/pages\/326\/revisions\/1145"}],"wp:attachment":[{"href":"https:\/\/henriofen.de\/cms\/wp-json\/wp\/v2\/media?parent=326"}],"curies":[{"name":"wp","href":"https:\/\/api.w.org\/{rel}","templated":true}]}}