{"id":297,"date":"2019-03-25T13:02:20","date_gmt":"2019-03-25T12:02:20","guid":{"rendered":"https:\/\/girardi-pauly.com\/20192\/?page_id=297"},"modified":"2023-02-04T11:55:07","modified_gmt":"2023-02-04T10:55:07","slug":"ueber-uns","status":"publish","type":"page","link":"https:\/\/henriofen.de\/cms\/ueber-uns\/","title":{"rendered":"\u00dcber Uns"},"content":{"rendered":"<div id=\"themify_builder_content-297\" data-postid=\"297\" class=\"themify_builder_content themify_builder_content-297 themify_builder\">\n    \t<!-- module_row -->\n\t<div   class=\"themify_builder_row module_row clearfix module_row_0 themify_builder_297_row module_row_297-0 tb_c95dfe0\">\n\t    \t    <div class=\"row_inner col_align_middle\" >\n\t\t\t<div  class=\"module_column tb-column col4-2 first tb_297_column module_column_0 module_column_297-0-0 tb_d645bb5\">\n\t    \t    \t        <div class=\"tb-column-inner\">\n\t\t        <!-- module image -->\n    <div  class=\"module module-image tb_6584855  image-full-overlay  \">\n\t                <div class=\"image-wrap\">\n                            <img decoding=\"async\" loading=\"lazy\" width=\"1600\" height=\"1065\" src=\"https:\/\/henriofen.de\/cms\/wp-content\/uploads\/2019\/03\/skizze.jpg\" class=\" wp-post-image wp-image-501\" alt=\"J\u00fcrgen Henrichs-Ofenbauer\" srcset=\"https:\/\/henriofen.de\/cms\/wp-content\/uploads\/2019\/03\/skizze.jpg 1600w, https:\/\/henriofen.de\/cms\/wp-content\/uploads\/2019\/03\/skizze-300x200.jpg 300w, https:\/\/henriofen.de\/cms\/wp-content\/uploads\/2019\/03\/skizze-768x511.jpg 768w, https:\/\/henriofen.de\/cms\/wp-content\/uploads\/2019\/03\/skizze-1024x682.jpg 1024w\" sizes=\"(max-width: 1600px) 100vw, 1600px\" \/>            \n                        <\/div>\n            <!-- \/image-wrap -->\n        \n        \n        <\/div>\n    <!-- \/module image -->\n\t        <\/div>\n\t    \t<\/div>\n\t\t<div  class=\"module_column tb-column col4-2 last tb_297_column module_column_1 module_column_297-0-1 tb_9292020\">\n\t    \t    \t        <div class=\"tb-column-inner\">\n\t\t            <!-- module fancy heading -->\n    <div  class=\"module module-fancy-heading tb_a327ca8  \">\n\t        <h3 class=\"fancy-heading tb-align-center\">\n        <span  class=\"main-head\">\n            Feuer gestalten        <\/span>\n        <span class=\"sub-head tb_hide_divider\">\n            \"Meinem Entwurf liegt immer ein Konzept zu Grunde -ein roter Faden- den ich verfolge.Ich arbeite die wesentlichen Merkmale meiner Idee aus und finde die einfache und pers\u00f6nliche Form. Das macht meine Feuerstellen einzigartig und eigenst\u00e4ndig.\" J\u00fcrgen Henrichss         <\/span>\n\n        <\/h3>\n    <\/div>\n    <!-- \/module fancy heading -->\n        <!-- module fancy heading -->\n    <div  class=\"module module-fancy-heading tb_vjsg789  \" id=\"synergien\">\n\t        <h2 class=\"fancy-heading tb-align-center\">\n        <span  class=\"main-head\">\n                      <\/span>\n        <span class=\"sub-head\">\n                     <\/span>\n\n        <\/h2>\n    <\/div>\n    <!-- \/module fancy heading -->\n\t        <\/div>\n\t    \t<\/div>\n\t\t    <\/div>\n\t    <!-- \/row_inner -->\n\t<\/div>\n\t<!-- \/module_row -->\n\t\t<!-- module_row -->\n\t<div   class=\"themify_builder_row module_row clearfix repeat module_row_1 themify_builder_297_row module_row_297-1 tb_6707777\">\n\t    \t    <div class=\"row_inner col_align_middle\" >\n\t\t\t<div  class=\"module_column tb-column col4-2 first tb_297_column module_column_0 module_column_297-1-0 tb_ea6fec4\">\n\t    \t    \t        <div class=\"tb-column-inner\">\n\t\t        <!-- module image -->\n    <div  class=\"module module-image tb_fvuo793  image-full-overlay  \">\n\t                <div class=\"image-wrap\">\n                            <img decoding=\"async\" loading=\"lazy\" width=\"2000\" height=\"1333\" src=\"https:\/\/henriofen.de\/cms\/wp-content\/uploads\/2019\/03\/Henrichs.jpg\" class=\" wp-post-image wp-image-486\" alt=\"Designpreis Ofenflamme 2019-Frankfurt Messee\" srcset=\"https:\/\/henriofen.de\/cms\/wp-content\/uploads\/2019\/03\/Henrichs.jpg 2000w, https:\/\/henriofen.de\/cms\/wp-content\/uploads\/2019\/03\/Henrichs-300x200.jpg 300w, https:\/\/henriofen.de\/cms\/wp-content\/uploads\/2019\/03\/Henrichs-768x512.jpg 768w, https:\/\/henriofen.de\/cms\/wp-content\/uploads\/2019\/03\/Henrichs-1024x682.jpg 1024w\" sizes=\"(max-width: 2000px) 100vw, 2000px\" \/>            \n                        <\/div>\n            <!-- \/image-wrap -->\n        \n        \n        <\/div>\n    <!-- \/module image -->\n\t        <\/div>\n\t    \t<\/div>\n\t\t<div  class=\"module_column tb-column col4-2 last tb_297_column module_column_1 module_column_297-1-1 tb_92739dd\">\n\t    \t    \t        <div class=\"tb-column-inner\">\n\t\t            <!-- module fancy heading -->\n    <div  class=\"module module-fancy-heading tb_m4z3795  \">\n\t        <h3 class=\"fancy-heading tb-align-center\">\n        <span  class=\"main-head\">\n             Wir freuen uns sehr \u00fcber die Verleihung des Designpreises OFENFLAMME 2019        <\/span>\n        <span class=\"sub-head tb_hide_divider\">\n            Der internationale Designpreis wird alle zwei Jahre vergeben anl\u00e4sslich der ISH in Frankfurt. Ausgelobt wird er vom Zentralverband Sanit\u00e4r-Heizung-Klima und dem Fachzeitschriftenverlag Kamine & Kachel\u00f6fen. Wir erhielten einen Preis f\u00fcr unseren Speicherofen in Betonoptik, der eine kleine Anlehnung an das Bauhaus darstellt, was im Jahr 2019 seinen 100j\u00e4hrigen Geburtstag feierte.        <\/span>\n\n        <\/h3>\n    <\/div>\n    <!-- \/module fancy heading -->\n\t        <\/div>\n\t    \t<\/div>\n\t\t    <\/div>\n\t    <!-- \/row_inner -->\n\t<\/div>\n\t<!-- \/module_row -->\n\t\t<!-- module_row -->\n\t<div  class=\"themify_builder_row module_row clearfix module_row_2 themify_builder_297_row module_row_297-2 tb_73efdf6\">\n\t    \t    <div class=\"row_inner col_align_top\" >\n\t\t\t<div  class=\"module_column tb-column col-full first tb_297_column module_column_0 module_column_297-2-0 tb_41f25af\">\n\t    \t    \t        <div class=\"tb-column-inner\">\n\t\t        <!-- module image -->\n    <div  class=\"module module-image tb_5b56240  image-top  \">\n\t                <div class=\"image-wrap\">\n                            <img decoding=\"async\" loading=\"lazy\" width=\"2000\" height=\"1333\" src=\"https:\/\/henriofen.de\/cms\/wp-content\/uploads\/2019\/03\/ish-2019.jpg\" class=\" wp-post-image wp-image-487\" alt=\"Designpreis Ofenflamme 2019-Frankfurt Messe\" srcset=\"https:\/\/henriofen.de\/cms\/wp-content\/uploads\/2019\/03\/ish-2019.jpg 2000w, https:\/\/henriofen.de\/cms\/wp-content\/uploads\/2019\/03\/ish-2019-300x200.jpg 300w, https:\/\/henriofen.de\/cms\/wp-content\/uploads\/2019\/03\/ish-2019-768x512.jpg 768w, https:\/\/henriofen.de\/cms\/wp-content\/uploads\/2019\/03\/ish-2019-1024x682.jpg 1024w\" sizes=\"(max-width: 2000px) 100vw, 2000px\" \/>            \n                        <\/div>\n            <!-- \/image-wrap -->\n        \n        \n        <\/div>\n    <!-- \/module image -->\n\t        <\/div>\n\t    \t<\/div>\n\t\t    <\/div>\n\t    <!-- \/row_inner -->\n\t<\/div>\n\t<!-- \/module_row -->\n\t\t<!-- module_row -->\n\t<div   class=\"themify_builder_row module_row clearfix fullwidth module_row_3 themify_builder_297_row module_row_297-3 tb_83fj831\">\n\t    \t    <div class=\"row_inner col_align_top\" >\n\t\t\t<div  class=\"module_column tb-column col-full first tb_297_column module_column_0 module_column_297-3-0 tb_a82t833\">\n\t    \t    \t        <div class=\"tb-column-inner\">\n\t\t    <!-- module text -->\n<div  class=\"module module-text tb_3j5t708    \">\n            <div  class=\"tb_text_wrap\">\n    <hr \/>\n<h6><strong>Kamine und \u00d6fen im Wandel der Zeit<\/strong><\/h6>\n<h6>In den vergangenen 30 Jahren des Ofen- bzw. Kachelofenbaus hat sich vieles ver\u00e4ndert im Hinblick auf die Heiztechnik aber auch bez\u00fcglich des Designs. Fr\u00fcher gestalteten wir unsere \u00d6fen mit handgemachten Kacheln, heute sind es Materialien wie Beton, Rohstahl, Stein, Spachteltechniken und sogar Stampflehm. Die Formensprache der modernen \u00d6fen und Feuerstellen ist reduzierter als fr\u00fcher und auf die jeweilige Raumarchitektur abgestimmt. Auch gibt es neue Tendenzen bez\u00fcglich der Feuerungstechnik. Viele Neubauten und energetisch-sanierte Altbauten stellen an den Ofenbau neue Anforderungen: so ist ein Heizkamin mit gro\u00dfer Scheibe und viel produzierter Warmluft keine Option f\u00fcr den geringen Energiebedarf dieser H\u00e4user. Wohl aber der Speicher- oder Grundofen, den man oft im s\u00fcddeutschen Raum und in \u00d6sterreich vorfindet. Er steht f\u00fcr ein angenehmes Raumklima und Gem\u00fctlichkeit. W\u00e4rme energetisch sinnvoll genutzt und gut f\u00fcr unser Klima, da CO2 neutral.<\/h6>    <\/div>\n<\/div>\n<!-- \/module text -->\n\t        <\/div>\n\t    \t<\/div>\n\t\t    <\/div>\n\t    <!-- \/row_inner -->\n\t<\/div>\n\t<!-- \/module_row -->\n\t<\/div>\n<!-- \/themify_builder_content -->","protected":false},"excerpt":{"rendered":"<p>Kamine und \u00d6fen im Wandel der Zeit In den vergangenen 30 Jahren des Ofen- bzw. Kachelofenbaus hat sich vieles ver\u00e4ndert im Hinblick auf die Heiztechnik aber auch bez\u00fcglich des Designs. Fr\u00fcher gestalteten wir unsere \u00d6fen mit handgemachten Kacheln, heute sind es Materialien wie Beton, Rohstahl, Stein, Spachteltechniken und sogar Stampflehm. Die Formensprache der modernen \u00d6fen [&hellip;]<\/p>\n","protected":false},"author":1,"featured_media":0,"parent":0,"menu_order":0,"comment_status":"closed","ping_status":"closed","template":"","meta":[],"_links":{"self":[{"href":"https:\/\/henriofen.de\/cms\/wp-json\/wp\/v2\/pages\/297"}],"collection":[{"href":"https:\/\/henriofen.de\/cms\/wp-json\/wp\/v2\/pages"}],"about":[{"href":"https:\/\/henriofen.de\/cms\/wp-json\/wp\/v2\/types\/page"}],"author":[{"embeddable":true,"href":"https:\/\/henriofen.de\/cms\/wp-json\/wp\/v2\/users\/1"}],"replies":[{"embeddable":true,"href":"https:\/\/henriofen.de\/cms\/wp-json\/wp\/v2\/comments?post=297"}],"version-history":[{"count":52,"href":"https:\/\/henriofen.de\/cms\/wp-json\/wp\/v2\/pages\/297\/revisions"}],"predecessor-version":[{"id":1212,"href":"https:\/\/henriofen.de\/cms\/wp-json\/wp\/v2\/pages\/297\/revisions\/1212"}],"wp:attachment":[{"href":"https:\/\/henriofen.de\/cms\/wp-json\/wp\/v2\/media?parent=297"}],"curies":[{"name":"wp","href":"https:\/\/api.w.org\/{rel}","templated":true}]}}